{"id":2112,"date":"2024-01-20T10:26:46","date_gmt":"2024-01-20T09:26:46","guid":{"rendered":"https:\/\/cialtagama.com\/politica-de-privacidad\/"},"modified":"2024-09-27T12:37:27","modified_gmt":"2024-09-27T10:37:27","slug":"politica-de-privacidad","status":"publish","type":"page","link":"https:\/\/cialtagama.com\/es\/politica-de-privacidad\/","title":{"rendered":"Pol\u00edtica de privacidad"},"content":{"rendered":"<div class=\"wpb-content-wrapper\"><p>[vc_row][vc_column][vc_column_text css=\u00bb\u00bb]<strong>Uso de los datos personales recogidos<\/strong><\/p>\n<p>No recogemos ning\u00fan dato personal en el sitio.<\/p>\n<p><strong>Cookies<\/strong><\/p>\n<p>Cuando visita el sitio, instalamos una cookie para registrar sus preferencias de pantalla. La vida \u00fatil de una cookie de opci\u00f3n de pantalla es de un a\u00f1o.<\/p>\n<p><strong>Estad\u00edsticas y medici\u00f3n de audiencia<\/strong><\/p>\n<p>No utilizamos ninguna herramienta de medici\u00f3n de audiencia.<\/p>\n<p><strong>Uso y transmisi\u00f3n de sus datos personales<\/strong><\/p>\n<p>No compartimos ning\u00fan dato personal con terceros.<\/p>\n<p><strong>Sus derechos en relaci\u00f3n con sus datos personales<\/strong><\/p>\n<p>Puede solicitar que le enviemos un archivo con todos los datos personales que tenemos sobre usted, incluidos los que nos ha facilitado. Tambi\u00e9n puede solicitar la supresi\u00f3n de sus datos personales. Esto no incluye los datos almacenados con fines administrativos, legales o de seguridad.<\/p>\n<p><strong>C\u00f3mo protegemos sus datos<\/strong><\/p>\n<p>Sus datos est\u00e1n protegidos mediante encriptaci\u00f3n y nuestros equipos est\u00e1n formados en protecci\u00f3n de datos.<\/p>\n<p><strong>Procedimientos en caso de fuga de datos<\/strong><\/p>\n<p>En caso de fuga de datos, se ha establecido un sistema interno de notificaci\u00f3n.[\/vc_column_text][\/vc_column][\/vc_row]<\/p>\n<\/div>","protected":false},"excerpt":{"rendered":"<p>[vc_row][vc_column][vc_column_text css=\u00bb\u00bb]Uso de los datos personales recogidos No recogemos ning\u00fan dato personal en el sitio. Cookies Cuando visita el sitio, instalamos una cookie para registrar sus preferencias de pantalla. La vida \u00fatil de una cookie de opci\u00f3n de pantalla es de un a\u00f1o. Estad\u00edsticas y medici\u00f3n de audiencia No utilizamos ninguna herramienta de medici\u00f3n de [&hellip;]<\/p>\n","protected":false},"author":1,"featured_media":0,"parent":0,"menu_order":0,"comment_status":"closed","ping_status":"closed","template":"","meta":{"footnotes":""},"class_list":["post-2112","page","type-page","status-publish","hentry","grve-entry-item"],"yoast_head":"<!-- This site is optimized with the Yoast SEO plugin v26.6 - https:\/\/yoast.com\/wordpress\/plugins\/seo\/ -->\n<title>Pol\u00edtica de privacidad - Alta Gama<\/title>\n<meta name=\"robots\" content=\"index, follow, max-snippet:-1, max-image-preview:large, max-video-preview:-1\" \/>\n<link rel=\"canonical\" href=\"https:\/\/cialtagama.com\/es\/politica-de-privacidad\/\" \/>\n<meta property=\"og:locale\" content=\"es_ES\" \/>\n<meta property=\"og:type\" content=\"article\" \/>\n<meta property=\"og:title\" content=\"Pol\u00edtica de privacidad - Alta Gama\" \/>\n<meta property=\"og:description\" content=\"[vc_row][vc_column][vc_column_text css=\u00bb\u00bb]Uso de los datos personales recogidos No recogemos ning\u00fan dato personal en el sitio. Cookies Cuando visita el sitio, instalamos una cookie para registrar sus preferencias de pantalla. La vida \u00fatil de una cookie de opci\u00f3n de pantalla es de un a\u00f1o. Estad\u00edsticas y medici\u00f3n de audiencia No utilizamos ninguna herramienta de medici\u00f3n de [&hellip;]\" \/>\n<meta property=\"og:url\" content=\"https:\/\/cialtagama.com\/es\/politica-de-privacidad\/\" \/>\n<meta property=\"og:site_name\" content=\"Alta Gama\" \/>\n<meta property=\"article:publisher\" content=\"https:\/\/www.facebook.com\/cialtagama\" \/>\n<meta property=\"article:modified_time\" content=\"2024-09-27T10:37:27+00:00\" \/>\n<meta property=\"og:image\" content=\"https:\/\/cialtagama.com\/wp-content\/uploads\/2023\/06\/equi-bici-web.jpg\" \/>\n\t<meta property=\"og:image:width\" content=\"2100\" \/>\n\t<meta property=\"og:image:height\" content=\"1080\" \/>\n\t<meta property=\"og:image:type\" content=\"image\/jpeg\" \/>\n<meta name=\"twitter:card\" content=\"summary_large_image\" \/>\n<meta name=\"twitter:label1\" content=\"Tiempo de lectura\" \/>\n\t<meta name=\"twitter:data1\" content=\"1 minuto\" \/>\n<script type=\"application\/ld+json\" class=\"yoast-schema-graph\">{\"@context\":\"https:\/\/schema.org\",\"@graph\":[{\"@type\":\"WebPage\",\"@id\":\"https:\/\/cialtagama.com\/es\/politica-de-privacidad\/\",\"url\":\"https:\/\/cialtagama.com\/es\/politica-de-privacidad\/\",\"name\":\"Pol\u00edtica de privacidad - Alta Gama\",\"isPartOf\":{\"@id\":\"https:\/\/cialtagama.com\/#website\"},\"datePublished\":\"2024-01-20T09:26:46+00:00\",\"dateModified\":\"2024-09-27T10:37:27+00:00\",\"breadcrumb\":{\"@id\":\"https:\/\/cialtagama.com\/es\/politica-de-privacidad\/#breadcrumb\"},\"inLanguage\":\"es\",\"potentialAction\":[{\"@type\":\"ReadAction\",\"target\":[\"https:\/\/cialtagama.com\/es\/politica-de-privacidad\/\"]}]},{\"@type\":\"BreadcrumbList\",\"@id\":\"https:\/\/cialtagama.com\/es\/politica-de-privacidad\/#breadcrumb\",\"itemListElement\":[{\"@type\":\"ListItem\",\"position\":1,\"name\":\"Accueil\",\"item\":\"https:\/\/cialtagama.com\/es\/\"},{\"@type\":\"ListItem\",\"position\":2,\"name\":\"Pol\u00edtica de privacidad\"}]},{\"@type\":\"WebSite\",\"@id\":\"https:\/\/cialtagama.com\/#website\",\"url\":\"https:\/\/cialtagama.com\/\",\"name\":\"Alta Gama\",\"description\":\"Cie Alta Gama, cirque, th\u00e9\u00e2tre, v\u00e9lo acrobatique\",\"publisher\":{\"@id\":\"https:\/\/cialtagama.com\/#organization\"},\"potentialAction\":[{\"@type\":\"SearchAction\",\"target\":{\"@type\":\"EntryPoint\",\"urlTemplate\":\"https:\/\/cialtagama.com\/?s={search_term_string}\"},\"query-input\":{\"@type\":\"PropertyValueSpecification\",\"valueRequired\":true,\"valueName\":\"search_term_string\"}}],\"inLanguage\":\"es\"},{\"@type\":\"Organization\",\"@id\":\"https:\/\/cialtagama.com\/#organization\",\"name\":\"Alta Gama\",\"url\":\"https:\/\/cialtagama.com\/\",\"logo\":{\"@type\":\"ImageObject\",\"inLanguage\":\"es\",\"@id\":\"https:\/\/cialtagama.com\/#\/schema\/logo\/image\/\",\"url\":\"https:\/\/cialtagama.com\/wp-content\/uploads\/2024\/01\/cropped-altagamafav.png\",\"contentUrl\":\"https:\/\/cialtagama.com\/wp-content\/uploads\/2024\/01\/cropped-altagamafav.png\",\"width\":512,\"height\":512,\"caption\":\"Alta Gama\"},\"image\":{\"@id\":\"https:\/\/cialtagama.com\/#\/schema\/logo\/image\/\"},\"sameAs\":[\"https:\/\/www.facebook.com\/cialtagama\",\"https:\/\/www.instagram.com\/cia.altagama\"]}]}<\/script>\n<!-- \/ Yoast SEO plugin. -->","yoast_head_json":{"title":"Pol\u00edtica de privacidad - Alta Gama","robots":{"index":"index","follow":"follow","max-snippet":"max-snippet:-1","max-image-preview":"max-image-preview:large","max-video-preview":"max-video-preview:-1"},"canonical":"https:\/\/cialtagama.com\/es\/politica-de-privacidad\/","og_locale":"es_ES","og_type":"article","og_title":"Pol\u00edtica de privacidad - Alta Gama","og_description":"[vc_row][vc_column][vc_column_text css=\u00bb\u00bb]Uso de los datos personales recogidos No recogemos ning\u00fan dato personal en el sitio. Cookies Cuando visita el sitio, instalamos una cookie para registrar sus preferencias de pantalla. La vida \u00fatil de una cookie de opci\u00f3n de pantalla es de un a\u00f1o. Estad\u00edsticas y medici\u00f3n de audiencia No utilizamos ninguna herramienta de medici\u00f3n de [&hellip;]","og_url":"https:\/\/cialtagama.com\/es\/politica-de-privacidad\/","og_site_name":"Alta Gama","article_publisher":"https:\/\/www.facebook.com\/cialtagama","article_modified_time":"2024-09-27T10:37:27+00:00","og_image":[{"width":2100,"height":1080,"url":"https:\/\/cialtagama.com\/wp-content\/uploads\/2023\/06\/equi-bici-web.jpg","type":"image\/jpeg"}],"twitter_card":"summary_large_image","twitter_misc":{"Tiempo de lectura":"1 minuto"},"schema":{"@context":"https:\/\/schema.org","@graph":[{"@type":"WebPage","@id":"https:\/\/cialtagama.com\/es\/politica-de-privacidad\/","url":"https:\/\/cialtagama.com\/es\/politica-de-privacidad\/","name":"Pol\u00edtica de privacidad - Alta Gama","isPartOf":{"@id":"https:\/\/cialtagama.com\/#website"},"datePublished":"2024-01-20T09:26:46+00:00","dateModified":"2024-09-27T10:37:27+00:00","breadcrumb":{"@id":"https:\/\/cialtagama.com\/es\/politica-de-privacidad\/#breadcrumb"},"inLanguage":"es","potentialAction":[{"@type":"ReadAction","target":["https:\/\/cialtagama.com\/es\/politica-de-privacidad\/"]}]},{"@type":"BreadcrumbList","@id":"https:\/\/cialtagama.com\/es\/politica-de-privacidad\/#breadcrumb","itemListElement":[{"@type":"ListItem","position":1,"name":"Accueil","item":"https:\/\/cialtagama.com\/es\/"},{"@type":"ListItem","position":2,"name":"Pol\u00edtica de privacidad"}]},{"@type":"WebSite","@id":"https:\/\/cialtagama.com\/#website","url":"https:\/\/cialtagama.com\/","name":"Alta Gama","description":"Cie Alta Gama, cirque, th\u00e9\u00e2tre, v\u00e9lo acrobatique","publisher":{"@id":"https:\/\/cialtagama.com\/#organization"},"potentialAction":[{"@type":"SearchAction","target":{"@type":"EntryPoint","urlTemplate":"https:\/\/cialtagama.com\/?s={search_term_string}"},"query-input":{"@type":"PropertyValueSpecification","valueRequired":true,"valueName":"search_term_string"}}],"inLanguage":"es"},{"@type":"Organization","@id":"https:\/\/cialtagama.com\/#organization","name":"Alta Gama","url":"https:\/\/cialtagama.com\/","logo":{"@type":"ImageObject","inLanguage":"es","@id":"https:\/\/cialtagama.com\/#\/schema\/logo\/image\/","url":"https:\/\/cialtagama.com\/wp-content\/uploads\/2024\/01\/cropped-altagamafav.png","contentUrl":"https:\/\/cialtagama.com\/wp-content\/uploads\/2024\/01\/cropped-altagamafav.png","width":512,"height":512,"caption":"Alta Gama"},"image":{"@id":"https:\/\/cialtagama.com\/#\/schema\/logo\/image\/"},"sameAs":["https:\/\/www.facebook.com\/cialtagama","https:\/\/www.instagram.com\/cia.altagama"]}]}},"_links":{"self":[{"href":"https:\/\/cialtagama.com\/es\/wp-json\/wp\/v2\/pages\/2112","targetHints":{"allow":["GET"]}}],"collection":[{"href":"https:\/\/cialtagama.com\/es\/wp-json\/wp\/v2\/pages"}],"about":[{"href":"https:\/\/cialtagama.com\/es\/wp-json\/wp\/v2\/types\/page"}],"author":[{"embeddable":true,"href":"https:\/\/cialtagama.com\/es\/wp-json\/wp\/v2\/users\/1"}],"replies":[{"embeddable":true,"href":"https:\/\/cialtagama.com\/es\/wp-json\/wp\/v2\/comments?post=2112"}],"version-history":[{"count":3,"href":"https:\/\/cialtagama.com\/es\/wp-json\/wp\/v2\/pages\/2112\/revisions"}],"predecessor-version":[{"id":2261,"href":"https:\/\/cialtagama.com\/es\/wp-json\/wp\/v2\/pages\/2112\/revisions\/2261"}],"wp:attachment":[{"href":"https:\/\/cialtagama.com\/es\/wp-json\/wp\/v2\/media?parent=2112"}],"curies":[{"name":"wp","href":"https:\/\/api.w.org\/{rel}","templated":true}]}}