{"id":2046,"date":"2024-01-20T10:03:44","date_gmt":"2024-01-20T09:03:44","guid":{"rendered":"https:\/\/cialtagama.com\/espacio-pro\/espacio-pro-mediacion-cultural\/"},"modified":"2024-09-27T12:14:15","modified_gmt":"2024-09-27T10:14:15","slug":"espacio-pro-mediacion-cultural","status":"publish","type":"page","link":"https:\/\/cialtagama.com\/es\/espacio-pro\/espacio-pro-mediacion-cultural\/","title":{"rendered":"Espacio pro &#8211; Mediaci\u00f3n cultural"},"content":{"rendered":"","protected":true},"excerpt":{"rendered":"","protected":true},"author":1,"featured_media":0,"parent":2037,"menu_order":0,"comment_status":"closed","ping_status":"closed","template":"","meta":{"footnotes":""},"class_list":["post-2046","page","type-page","status-publish","post-password-required","hentry","grve-entry-item"],"yoast_head":"<!-- This site is optimized with the Yoast SEO plugin v26.6 - https:\/\/yoast.com\/wordpress\/plugins\/seo\/ -->\n<title>Espacio pro - Mediaci\u00f3n cultural - Alta Gama<\/title>\n<meta name=\"robots\" content=\"index, follow, max-snippet:-1, max-image-preview:large, max-video-preview:-1\" \/>\n<link rel=\"canonical\" href=\"https:\/\/cialtagama.com\/es\/espacio-pro\/espacio-pro-mediacion-cultural\/\" \/>\n<meta property=\"og:locale\" content=\"es_ES\" \/>\n<meta property=\"og:type\" content=\"article\" \/>\n<meta property=\"og:title\" content=\"Espacio pro - Mediaci\u00f3n cultural - Alta Gama\" \/>\n<meta property=\"og:description\" content=\"No hay extracto porque es una entrada protegida.\" \/>\n<meta property=\"og:url\" content=\"https:\/\/cialtagama.com\/es\/espacio-pro\/espacio-pro-mediacion-cultural\/\" \/>\n<meta property=\"og:site_name\" content=\"Alta Gama\" \/>\n<meta property=\"article:publisher\" content=\"https:\/\/www.facebook.com\/cialtagama\" \/>\n<meta property=\"article:modified_time\" content=\"2024-09-27T10:14:15+00:00\" \/>\n<meta name=\"twitter:card\" content=\"summary_large_image\" \/>\n<script type=\"application\/ld+json\" class=\"yoast-schema-graph\">{\"@context\":\"https:\/\/schema.org\",\"@graph\":[{\"@type\":\"WebPage\",\"@id\":\"https:\/\/cialtagama.com\/es\/espacio-pro\/espacio-pro-mediacion-cultural\/\",\"url\":\"https:\/\/cialtagama.com\/es\/espacio-pro\/espacio-pro-mediacion-cultural\/\",\"name\":\"Espacio pro - Mediaci\u00f3n cultural - Alta Gama\",\"isPartOf\":{\"@id\":\"https:\/\/cialtagama.com\/#website\"},\"datePublished\":\"2024-01-20T09:03:44+00:00\",\"dateModified\":\"2024-09-27T10:14:15+00:00\",\"breadcrumb\":{\"@id\":\"https:\/\/cialtagama.com\/es\/espacio-pro\/espacio-pro-mediacion-cultural\/#breadcrumb\"},\"inLanguage\":\"es\"},{\"@type\":\"WebSite\",\"@id\":\"https:\/\/cialtagama.com\/#website\",\"url\":\"https:\/\/cialtagama.com\/\",\"name\":\"Alta Gama\",\"description\":\"Cie Alta Gama, cirque, th\u00e9\u00e2tre, v\u00e9lo acrobatique\",\"publisher\":{\"@id\":\"https:\/\/cialtagama.com\/#organization\"},\"potentialAction\":[{\"@type\":\"SearchAction\",\"target\":{\"@type\":\"EntryPoint\",\"urlTemplate\":\"https:\/\/cialtagama.com\/?s={search_term_string}\"},\"query-input\":{\"@type\":\"PropertyValueSpecification\",\"valueRequired\":true,\"valueName\":\"search_term_string\"}}],\"inLanguage\":\"es\"},{\"@type\":\"Organization\",\"@id\":\"https:\/\/cialtagama.com\/#organization\",\"name\":\"Alta Gama\",\"url\":\"https:\/\/cialtagama.com\/\",\"logo\":{\"@type\":\"ImageObject\",\"inLanguage\":\"es\",\"@id\":\"https:\/\/cialtagama.com\/#\/schema\/logo\/image\/\",\"url\":\"https:\/\/cialtagama.com\/wp-content\/uploads\/2024\/01\/cropped-altagamafav.png\",\"contentUrl\":\"https:\/\/cialtagama.com\/wp-content\/uploads\/2024\/01\/cropped-altagamafav.png\",\"width\":512,\"height\":512,\"caption\":\"Alta Gama\"},\"image\":{\"@id\":\"https:\/\/cialtagama.com\/#\/schema\/logo\/image\/\"},\"sameAs\":[\"https:\/\/www.facebook.com\/cialtagama\",\"https:\/\/www.instagram.com\/cia.altagama\"]}]}<\/script>\n<!-- \/ Yoast SEO plugin. -->","yoast_head_json":{"title":"Espacio pro - Mediaci\u00f3n cultural - Alta Gama","robots":{"index":"index","follow":"follow","max-snippet":"max-snippet:-1","max-image-preview":"max-image-preview:large","max-video-preview":"max-video-preview:-1"},"canonical":"https:\/\/cialtagama.com\/es\/espacio-pro\/espacio-pro-mediacion-cultural\/","og_locale":"es_ES","og_type":"article","og_title":"Espacio pro - Mediaci\u00f3n cultural - Alta Gama","og_description":"No hay extracto porque es una entrada protegida.","og_url":"https:\/\/cialtagama.com\/es\/espacio-pro\/espacio-pro-mediacion-cultural\/","og_site_name":"Alta Gama","article_publisher":"https:\/\/www.facebook.com\/cialtagama","article_modified_time":"2024-09-27T10:14:15+00:00","twitter_card":"summary_large_image","schema":{"@context":"https:\/\/schema.org","@graph":[{"@type":"WebPage","@id":"https:\/\/cialtagama.com\/es\/espacio-pro\/espacio-pro-mediacion-cultural\/","url":"https:\/\/cialtagama.com\/es\/espacio-pro\/espacio-pro-mediacion-cultural\/","name":"Espacio pro - Mediaci\u00f3n cultural - Alta Gama","isPartOf":{"@id":"https:\/\/cialtagama.com\/#website"},"datePublished":"2024-01-20T09:03:44+00:00","dateModified":"2024-09-27T10:14:15+00:00","breadcrumb":{"@id":"https:\/\/cialtagama.com\/es\/espacio-pro\/espacio-pro-mediacion-cultural\/#breadcrumb"},"inLanguage":"es"},{"@type":"WebSite","@id":"https:\/\/cialtagama.com\/#website","url":"https:\/\/cialtagama.com\/","name":"Alta Gama","description":"Cie Alta Gama, cirque, th\u00e9\u00e2tre, v\u00e9lo acrobatique","publisher":{"@id":"https:\/\/cialtagama.com\/#organization"},"potentialAction":[{"@type":"SearchAction","target":{"@type":"EntryPoint","urlTemplate":"https:\/\/cialtagama.com\/?s={search_term_string}"},"query-input":{"@type":"PropertyValueSpecification","valueRequired":true,"valueName":"search_term_string"}}],"inLanguage":"es"},{"@type":"Organization","@id":"https:\/\/cialtagama.com\/#organization","name":"Alta Gama","url":"https:\/\/cialtagama.com\/","logo":{"@type":"ImageObject","inLanguage":"es","@id":"https:\/\/cialtagama.com\/#\/schema\/logo\/image\/","url":"https:\/\/cialtagama.com\/wp-content\/uploads\/2024\/01\/cropped-altagamafav.png","contentUrl":"https:\/\/cialtagama.com\/wp-content\/uploads\/2024\/01\/cropped-altagamafav.png","width":512,"height":512,"caption":"Alta Gama"},"image":{"@id":"https:\/\/cialtagama.com\/#\/schema\/logo\/image\/"},"sameAs":["https:\/\/www.facebook.com\/cialtagama","https:\/\/www.instagram.com\/cia.altagama"]}]}},"_links":{"self":[{"href":"https:\/\/cialtagama.com\/es\/wp-json\/wp\/v2\/pages\/2046","targetHints":{"allow":["GET"]}}],"collection":[{"href":"https:\/\/cialtagama.com\/es\/wp-json\/wp\/v2\/pages"}],"about":[{"href":"https:\/\/cialtagama.com\/es\/wp-json\/wp\/v2\/types\/page"}],"author":[{"embeddable":true,"href":"https:\/\/cialtagama.com\/es\/wp-json\/wp\/v2\/users\/1"}],"replies":[{"embeddable":true,"href":"https:\/\/cialtagama.com\/es\/wp-json\/wp\/v2\/comments?post=2046"}],"version-history":[{"count":4,"href":"https:\/\/cialtagama.com\/es\/wp-json\/wp\/v2\/pages\/2046\/revisions"}],"predecessor-version":[{"id":2209,"href":"https:\/\/cialtagama.com\/es\/wp-json\/wp\/v2\/pages\/2046\/revisions\/2209"}],"up":[{"embeddable":true,"href":"https:\/\/cialtagama.com\/es\/wp-json\/wp\/v2\/pages\/2037"}],"wp:attachment":[{"href":"https:\/\/cialtagama.com\/es\/wp-json\/wp\/v2\/media?parent=2046"}],"curies":[{"name":"wp","href":"https:\/\/api.w.org\/{rel}","templated":true}]}}