{"id":2079,"date":"2023-03-06T05:38:27","date_gmt":"2023-03-06T04:38:27","guid":{"rendered":"https:\/\/cialtagama.com\/the-company\/"},"modified":"2025-01-13T07:23:34","modified_gmt":"2025-01-13T06:23:34","slug":"the-company","status":"publish","type":"page","link":"https:\/\/cialtagama.com\/en\/the-company\/","title":{"rendered":"The company"},"content":{"rendered":"<div class=\"wpb-content-wrapper\"><p>[vc_row height_ratio=&#8221;100&#8243; padding_top_multiplier=&#8221;&#8221; rc_bg_type=&#8221;image&#8221; rc_bg_image=&#8221;917&#8243; rc_bg_image_size=&#8221;full&#8221; rc_bg_position=&#8221;center-bottom&#8221; mobile_visibility=&#8221;hide&#8221; tablet_sm_height_ratio=&#8221;90&#8243; mobile_height_ratio=&#8221;80&#8243;][vc_column vertical_content_position=&#8221;middle&#8221; rc_heading_color=&#8221;white&#8221;]<h1 data-animation=\"fade-in-up\" data-delay=\"200\" data-duration=\"normal\" class=\"grve-element grve-title grve-align-center grve-animated-item grve-h1\" style=\"margin-bottom: 90px;\"><span>The company<\/span><\/h1>[\/vc_column][\/vc_row][vc_row height_ratio=&#8221;100&#8243; padding_top_multiplier=&#8221;&#8221; rc_bg_type=&#8221;image&#8221; rc_bg_image=&#8221;917&#8243; rc_bg_image_size=&#8221;full&#8221; rc_bg_position=&#8221;center-bottom&#8221; desktop_visibility=&#8221;hide&#8221; tablet_visibility=&#8221;hide&#8221; tablet_sm_visibility=&#8221;hide&#8221; tablet_sm_height_ratio=&#8221;90&#8243; mobile_height_ratio=&#8221;80&#8243;][vc_column vertical_content_position=&#8221;middle&#8221; rc_heading_color=&#8221;white&#8221;]<h1 class=\"grve-element grve-title grve-align-center grve-h2\" style=\"margin-bottom: 90px;\"><span>The company<\/span><\/h1>[\/vc_column][\/vc_row][vc_row padding_bottom_multiplier=&#8221;3x&#8221; disable_element=&#8221;yes&#8221; columns_gap=&#8221;none&#8221; mobile_columns_vertical_gap=&#8221;none&#8221;][vc_column width=&#8221;1\/4&#8243;][\/vc_column][vc_column width=&#8221;1\/2&#8243;]<div class=\"grve-element grve-image grve-align-center\">\r\n\t<div class=\"grve-image-item\">\r\n\t\t\r\n\r\n<div class=\"grve-image-wrapper grve-no-effect\">\r\n\t\t<div class=\"grve-thumbnail-wrapper\"  style=\"width: 824px;\"><div class=\"grve-thumbnail\"  style=\"padding-top: 166.141%;\"><img loading=\"lazy\" decoding=\"async\" width=\"824\" height=\"1369\" src=\"https:\/\/cialtagama.com\/wp-content\/uploads\/2024\/01\/la-cie-1-1x.png\" class=\"attachment-full size-full\" alt=\"la-cie-1-1x\" srcset=\"https:\/\/cialtagama.com\/wp-content\/uploads\/2024\/01\/la-cie-1-1x.png 1x,https:\/\/cialtagama.com\/wp-content\/uploads\/2024\/01\/la-cie-1-2x.png 2x\" data-column-space=\"auto\" data-lazyload=\"\" data-grve-filter=\"yes\" \/><\/div><\/div>\t<\/div>\r\n\t<\/div>\r\n<\/div>\r\n[\/vc_column][vc_column width=&#8221;1\/4&#8243;][\/vc_column][\/vc_row][vc_row padding_bottom_multiplier=&#8221;3x&#8221;][vc_column width=&#8221;1\/2&#8243;]<div class=\"grve-element grve-image grve-align-center\">\r\n\t<div class=\"grve-image-item\">\r\n\t\t\r\n\r\n<div class=\"grve-image-wrapper grve-no-effect\">\r\n\t\t<div class=\"grve-thumbnail-wrapper\"  style=\"width: 824px;\"><div class=\"grve-thumbnail\"  style=\"padding-top: 91.748%;\"><img loading=\"lazy\" decoding=\"async\" width=\"824\" height=\"756\" src=\"https:\/\/cialtagama.com\/wp-content\/uploads\/2025\/01\/lacie-texte1-en-1x.png\" class=\"attachment-full size-full\" alt=\"\" srcset=\"https:\/\/cialtagama.com\/wp-content\/uploads\/2025\/01\/lacie-texte1-en-1x.png 1x,https:\/\/cialtagama.com\/wp-content\/uploads\/2025\/01\/lacie-texte1-en-2x.png 2x\" data-column-space=\"auto\" data-lazyload=\"\" data-grve-filter=\"yes\" \/><\/div><\/div>\t<\/div>\r\n\t<\/div>\r\n<\/div>\r\n[\/vc_column][vc_column width=&#8221;1\/2&#8243; grve_css=&#8221;{&#8220;desktop&#8220;:{&#8220;padding-top&#8220;:&#8220;320&#8220;,&#8220;class&#8220;:&#8220;grve-wpb-1705654547095&#8220;},&#8220;tablet_portrait&#8220;:{&#8220;padding-top&#8220;:&#8220;250&#8220;},&#8220;mobile_landscape&#8220;:{&#8220;padding-top&#8220;:&#8220;0&#8220;}}&#8221;]<div class=\"grve-element grve-image grve-align-center\">\r\n\t<div class=\"grve-image-item\">\r\n\t\t\r\n\r\n<div class=\"grve-image-wrapper grve-no-effect\">\r\n\t\t<div class=\"grve-thumbnail-wrapper\"  style=\"width: 824px;\"><div class=\"grve-thumbnail\"  style=\"padding-top: 66.505%;\"><img loading=\"lazy\" decoding=\"async\" width=\"824\" height=\"548\" src=\"https:\/\/cialtagama.com\/wp-content\/uploads\/2025\/01\/lacie-texte2-en-1x.png\" class=\"attachment-full size-full\" alt=\"\" srcset=\"https:\/\/cialtagama.com\/wp-content\/uploads\/2025\/01\/lacie-texte2-en-1x.png 1x,https:\/\/cialtagama.com\/wp-content\/uploads\/2025\/01\/lacie-texte2-en-2x.png 2x\" data-column-space=\"auto\" data-lazyload=\"\" data-grve-filter=\"yes\" \/><\/div><\/div>\t<\/div>\r\n\t<\/div>\r\n<\/div>\r\n[\/vc_column][\/vc_row][vc_row padding_top_multiplier=&#8221;3x&#8221; padding_bottom_multiplier=&#8221;3x&#8221; rc_bg_type=&#8221;color&#8221; equal_column_height=&#8221;equal&#8221; rc_bg_color=&#8221;#0f0504&#8243;][vc_column width=&#8221;1\/2&#8243; vertical_content_position=&#8221;middle&#8221;]<div class=\"grve-element grve-image grve-align-center\">\r\n\t<div class=\"grve-image-item\">\r\n\t\t\r\n\r\n<div class=\"grve-image-wrapper grve-no-effect\">\r\n\t\t<div class=\"grve-thumbnail-wrapper\"  style=\"width: 824px;\"><div class=\"grve-thumbnail\"  style=\"padding-top: 72.816%;\"><img loading=\"lazy\" decoding=\"async\" width=\"824\" height=\"600\" src=\"https:\/\/cialtagama.com\/wp-content\/uploads\/2025\/01\/lacie-texte3-en-1x.png\" class=\"attachment-full size-full\" alt=\"\" srcset=\"https:\/\/cialtagama.com\/wp-content\/uploads\/2025\/01\/lacie-texte3-en-1x.png 1x,https:\/\/cialtagama.com\/wp-content\/uploads\/2025\/01\/lacie-texte3-en-2x.png 2x\" data-column-space=\"auto\" data-lazyload=\"\" data-grve-filter=\"yes\" \/><\/div><\/div>\t<\/div>\r\n\t<\/div>\r\n<\/div>\r\n[\/vc_column][vc_column width=&#8221;1\/2&#8243; vertical_content_position=&#8221;middle&#8221;]<div class=\"grve-element grve-image grve-align-center grve-image-space-100 grve-image-expand-width\">\r\n\t<div class=\"grve-image-item\">\r\n\t\t\r\n\r\n<div class=\"grve-image-wrapper grve-no-effect\">\r\n\t\t<div class=\"grve-thumbnail-wrapper\"><div class=\"grve-thumbnail\"  style=\"padding-top: 114.875%;\"><img loading=\"lazy\" decoding=\"async\" width=\"800\" height=\"919\" src=\"https:\/\/cialtagama.com\/wp-content\/uploads\/2023\/12\/alta-gama-nes-publi1x.jpg\" class=\"attachment-full size-full\" alt=\"alta-gama-nes-publi1x\" srcset=\"https:\/\/cialtagama.com\/wp-content\/uploads\/2023\/12\/alta-gama-nes-publi1x.jpg 1x,https:\/\/cialtagama.com\/wp-content\/uploads\/2023\/12\/alta-gama-nes-publi2x.jpg 2x\" data-column-space=\"100\" data-lazyload=\"\" data-grve-filter=\"yes\" \/><\/div><\/div>\t<\/div>\r\n\t<\/div>\r\n<\/div>\r\n[\/vc_column][\/vc_row][vc_row padding_top_multiplier=&#8221;3x&#8221;][vc_column width=&#8221;1\/4&#8243;][\/vc_column][vc_column width=&#8221;1\/2&#8243;]<div class=\"grve-element grve-image grve-align-center\">\r\n\t<div class=\"grve-image-item\">\r\n\t\t\r\n\r\n<div class=\"grve-image-wrapper grve-no-effect\">\r\n\t\t<div class=\"grve-thumbnail-wrapper\"  style=\"width: 824px;\"><div class=\"grve-thumbnail\"  style=\"padding-top: 41.019%;\"><img loading=\"lazy\" decoding=\"async\" width=\"824\" height=\"338\" src=\"https:\/\/cialtagama.com\/wp-content\/uploads\/2025\/01\/lacie-texte4-en-1x.png\" class=\"attachment-full size-full\" alt=\"\" srcset=\"https:\/\/cialtagama.com\/wp-content\/uploads\/2025\/01\/lacie-texte4-en-1x.png 1x,https:\/\/cialtagama.com\/wp-content\/uploads\/2025\/01\/lacie-texte4-en-2x.png 2x\" data-column-space=\"auto\" data-lazyload=\"\" data-grve-filter=\"yes\" \/><\/div><\/div>\t<\/div>\r\n\t<\/div>\r\n<\/div>\r\n[vc_row_inner padding_top_multiplier=&#8221;2x&#8221;][vc_column_inner width=&#8221;1\/6&#8243;][\/vc_column_inner][vc_column_inner width=&#8221;2\/3&#8243; grve_css=&#8221;{&#8220;desktop&#8220;:{&#8220;padding-right&#8220;:&#8220;10&#8220;,&#8220;padding-left&#8220;:&#8220;10&#8220;,&#8220;class&#8220;:&#8220;grve-wpb-1705653950917&#8220;},&#8220;tablet_portrait&#8220;:{&#8220;padding-right&#8220;:&#8220;20&#8220;,&#8220;padding-left&#8220;:&#8220;20&#8220;},&#8220;mobile_landscape&#8220;:{&#8220;padding-right&#8220;:&#8220;30&#8220;,&#8220;padding-left&#8220;:&#8220;30&#8220;}}&#8221;]<div class=\"grve-element grve-image grve-align-center grve-image-space-100 grve-image-expand-width\">\r\n\t<div class=\"grve-image-item\">\r\n\t\t\r\n\r\n<div class=\"grve-image-wrapper grve-no-effect\">\r\n\t\t<div class=\"grve-thumbnail-wrapper\"><div class=\"grve-thumbnail\"  style=\"padding-top: 59.667%;\"><img loading=\"lazy\" decoding=\"async\" width=\"300\" height=\"179\" src=\"https:\/\/cialtagama.com\/wp-content\/uploads\/2023\/03\/Ale-y-ama-silueta-site-300x179.png\" class=\"attachment-medium size-medium\" alt=\"Ale y ama silueta-site\" data-column-space=\"100\" data-lazyload=\"\" data-grve-filter=\"yes\" srcset=\"https:\/\/cialtagama.com\/wp-content\/uploads\/2023\/03\/Ale-y-ama-silueta-site-300x179.png 300w, https:\/\/cialtagama.com\/wp-content\/uploads\/2023\/03\/Ale-y-ama-silueta-site-1024x610.png 1024w, https:\/\/cialtagama.com\/wp-content\/uploads\/2023\/03\/Ale-y-ama-silueta-site-768x457.png 768w, https:\/\/cialtagama.com\/wp-content\/uploads\/2023\/03\/Ale-y-ama-silueta-site.png 1280w\" sizes=\"auto, (max-width: 300px) 100vw, 300px\" \/><\/div><\/div>\t<\/div>\r\n\t<\/div>\r\n<\/div>\r\n[\/vc_column_inner][vc_column_inner width=&#8221;1\/6&#8243;][\/vc_column_inner][\/vc_row_inner][\/vc_column][vc_column width=&#8221;1\/4&#8243;][\/vc_column][\/vc_row]<\/p>\n<\/div>","protected":false},"excerpt":{"rendered":"<p>[vc_row height_ratio=&#8221;100&#8243; padding_top_multiplier=&#8221;&#8221; rc_bg_type=&#8221;image&#8221; rc_bg_image=&#8221;917&#8243; rc_bg_image_size=&#8221;full&#8221; rc_bg_position=&#8221;center-bottom&#8221; mobile_visibility=&#8221;hide&#8221; tablet_sm_height_ratio=&#8221;90&#8243; mobile_height_ratio=&#8221;80&#8243;][vc_column vertical_content_position=&#8221;middle&#8221; rc_heading_color=&#8221;white&#8221;][\/vc_column][\/vc_row][vc_row height_ratio=&#8221;100&#8243; padding_top_multiplier=&#8221;&#8221; rc_bg_type=&#8221;image&#8221; rc_bg_image=&#8221;917&#8243; rc_bg_image_size=&#8221;full&#8221; rc_bg_position=&#8221;center-bottom&#8221; desktop_visibility=&#8221;hide&#8221; tablet_visibility=&#8221;hide&#8221; tablet_sm_visibility=&#8221;hide&#8221; tablet_sm_height_ratio=&#8221;90&#8243; mobile_height_ratio=&#8221;80&#8243;][vc_column vertical_content_position=&#8221;middle&#8221; rc_heading_color=&#8221;white&#8221;][\/vc_column][\/vc_row][vc_row padding_bottom_multiplier=&#8221;3x&#8221; disable_element=&#8221;yes&#8221; columns_gap=&#8221;none&#8221; mobile_columns_vertical_gap=&#8221;none&#8221;][vc_column width=&#8221;1\/4&#8243;][\/vc_column][vc_column width=&#8221;1\/2&#8243;][\/vc_column][vc_column width=&#8221;1\/4&#8243;][\/vc_column][\/vc_row][vc_row padding_bottom_multiplier=&#8221;3x&#8221;][vc_column width=&#8221;1\/2&#8243;][\/vc_column][vc_column width=&#8221;1\/2&#8243; grve_css=&#8221;{&#8220;desktop&#8220;:{&#8220;padding-top&#8220;:&#8220;320&#8220;,&#8220;class&#8220;:&#8220;grve-wpb-1705654547095&#8220;},&#8220;tablet_portrait&#8220;:{&#8220;padding-top&#8220;:&#8220;250&#8220;},&#8220;mobile_landscape&#8220;:{&#8220;padding-top&#8220;:&#8220;0&#8220;}}&#8221;][\/vc_column][\/vc_row][vc_row padding_top_multiplier=&#8221;3x&#8221; padding_bottom_multiplier=&#8221;3x&#8221; rc_bg_type=&#8221;color&#8221; equal_column_height=&#8221;equal&#8221; rc_bg_color=&#8221;#0f0504&#8243;][vc_column width=&#8221;1\/2&#8243; vertical_content_position=&#8221;middle&#8221;][\/vc_column][vc_column width=&#8221;1\/2&#8243; vertical_content_position=&#8221;middle&#8221;][\/vc_column][\/vc_row][vc_row padding_top_multiplier=&#8221;3x&#8221;][vc_column width=&#8221;1\/4&#8243;][\/vc_column][vc_column width=&#8221;1\/2&#8243;][vc_row_inner padding_top_multiplier=&#8221;2x&#8221;][vc_column_inner width=&#8221;1\/6&#8243;][\/vc_column_inner][vc_column_inner width=&#8221;2\/3&#8243; grve_css=&#8221;{&#8220;desktop&#8220;:{&#8220;padding-right&#8220;:&#8220;10&#8220;,&#8220;padding-left&#8220;:&#8220;10&#8220;,&#8220;class&#8220;:&#8220;grve-wpb-1705653950917&#8220;},&#8220;tablet_portrait&#8220;:{&#8220;padding-right&#8220;:&#8220;20&#8220;,&#8220;padding-left&#8220;:&#8220;20&#8220;},&#8220;mobile_landscape&#8220;:{&#8220;padding-right&#8220;:&#8220;30&#8220;,&#8220;padding-left&#8220;:&#8220;30&#8220;}}&#8221;][\/vc_column_inner][vc_column_inner width=&#8221;1\/6&#8243;][\/vc_column_inner][\/vc_row_inner][\/vc_column][vc_column width=&#8221;1\/4&#8243;][\/vc_column][\/vc_row]<\/p>\n","protected":false},"author":1,"featured_media":0,"parent":0,"menu_order":0,"comment_status":"closed","ping_status":"closed","template":"","meta":{"footnotes":""},"class_list":["post-2079","page","type-page","status-publish","hentry","grve-entry-item"],"yoast_head":"<!-- This site is optimized with the Yoast SEO plugin v26.6 - https:\/\/yoast.com\/wordpress\/plugins\/seo\/ -->\n<title>The company - Alta Gama<\/title>\n<meta name=\"description\" content=\"We are at the border. We are those who walk on the edge. We may be the edge. We are those who do not want to be pigeon-holed.\" \/>\n<meta name=\"robots\" content=\"index, follow, max-snippet:-1, max-image-preview:large, max-video-preview:-1\" \/>\n<link rel=\"canonical\" href=\"https:\/\/cialtagama.com\/en\/the-company\/\" \/>\n<meta property=\"og:locale\" content=\"en_US\" \/>\n<meta property=\"og:type\" content=\"article\" \/>\n<meta property=\"og:title\" content=\"The company - Alta Gama\" \/>\n<meta property=\"og:description\" content=\"We are at the border. We are those who walk on the edge. We may be the edge. We are those who do not want to be pigeon-holed.\" \/>\n<meta property=\"og:url\" content=\"https:\/\/cialtagama.com\/en\/the-company\/\" \/>\n<meta property=\"og:site_name\" content=\"Alta Gama\" \/>\n<meta property=\"article:publisher\" content=\"https:\/\/www.facebook.com\/cialtagama\" \/>\n<meta property=\"article:modified_time\" content=\"2025-01-13T06:23:34+00:00\" \/>\n<meta property=\"og:image\" content=\"https:\/\/cialtagama.com\/wp-content\/uploads\/2023\/06\/equi-bici-web.jpg\" \/>\n\t<meta property=\"og:image:width\" content=\"2100\" \/>\n\t<meta property=\"og:image:height\" content=\"1080\" \/>\n\t<meta property=\"og:image:type\" content=\"image\/jpeg\" \/>\n<meta name=\"twitter:card\" content=\"summary_large_image\" \/>\n<meta name=\"twitter:label1\" content=\"Est. reading time\" \/>\n\t<meta name=\"twitter:data1\" content=\"4 minutes\" \/>\n<script type=\"application\/ld+json\" class=\"yoast-schema-graph\">{\"@context\":\"https:\/\/schema.org\",\"@graph\":[{\"@type\":\"WebPage\",\"@id\":\"https:\/\/cialtagama.com\/en\/the-company\/\",\"url\":\"https:\/\/cialtagama.com\/en\/the-company\/\",\"name\":\"The company - Alta Gama\",\"isPartOf\":{\"@id\":\"https:\/\/cialtagama.com\/#website\"},\"datePublished\":\"2023-03-06T04:38:27+00:00\",\"dateModified\":\"2025-01-13T06:23:34+00:00\",\"description\":\"We are at the border. We are those who walk on the edge. We may be the edge. We are those who do not want to be pigeon-holed.\",\"breadcrumb\":{\"@id\":\"https:\/\/cialtagama.com\/en\/the-company\/#breadcrumb\"},\"inLanguage\":\"en-US\",\"potentialAction\":[{\"@type\":\"ReadAction\",\"target\":[\"https:\/\/cialtagama.com\/en\/the-company\/\"]}]},{\"@type\":\"BreadcrumbList\",\"@id\":\"https:\/\/cialtagama.com\/en\/the-company\/#breadcrumb\",\"itemListElement\":[{\"@type\":\"ListItem\",\"position\":1,\"name\":\"Accueil\",\"item\":\"https:\/\/cialtagama.com\/en\/\"},{\"@type\":\"ListItem\",\"position\":2,\"name\":\"The company\"}]},{\"@type\":\"WebSite\",\"@id\":\"https:\/\/cialtagama.com\/#website\",\"url\":\"https:\/\/cialtagama.com\/\",\"name\":\"Alta Gama\",\"description\":\"Cie Alta Gama, cirque, th\u00e9\u00e2tre, v\u00e9lo acrobatique\",\"publisher\":{\"@id\":\"https:\/\/cialtagama.com\/#organization\"},\"potentialAction\":[{\"@type\":\"SearchAction\",\"target\":{\"@type\":\"EntryPoint\",\"urlTemplate\":\"https:\/\/cialtagama.com\/?s={search_term_string}\"},\"query-input\":{\"@type\":\"PropertyValueSpecification\",\"valueRequired\":true,\"valueName\":\"search_term_string\"}}],\"inLanguage\":\"en-US\"},{\"@type\":\"Organization\",\"@id\":\"https:\/\/cialtagama.com\/#organization\",\"name\":\"Alta Gama\",\"url\":\"https:\/\/cialtagama.com\/\",\"logo\":{\"@type\":\"ImageObject\",\"inLanguage\":\"en-US\",\"@id\":\"https:\/\/cialtagama.com\/#\/schema\/logo\/image\/\",\"url\":\"https:\/\/cialtagama.com\/wp-content\/uploads\/2024\/01\/cropped-altagamafav.png\",\"contentUrl\":\"https:\/\/cialtagama.com\/wp-content\/uploads\/2024\/01\/cropped-altagamafav.png\",\"width\":512,\"height\":512,\"caption\":\"Alta Gama\"},\"image\":{\"@id\":\"https:\/\/cialtagama.com\/#\/schema\/logo\/image\/\"},\"sameAs\":[\"https:\/\/www.facebook.com\/cialtagama\",\"https:\/\/www.instagram.com\/cia.altagama\"]}]}<\/script>\n<!-- \/ Yoast SEO plugin. -->","yoast_head_json":{"title":"The company - Alta Gama","description":"We are at the border. We are those who walk on the edge. We may be the edge. We are those who do not want to be pigeon-holed.","robots":{"index":"index","follow":"follow","max-snippet":"max-snippet:-1","max-image-preview":"max-image-preview:large","max-video-preview":"max-video-preview:-1"},"canonical":"https:\/\/cialtagama.com\/en\/the-company\/","og_locale":"en_US","og_type":"article","og_title":"The company - Alta Gama","og_description":"We are at the border. We are those who walk on the edge. We may be the edge. We are those who do not want to be pigeon-holed.","og_url":"https:\/\/cialtagama.com\/en\/the-company\/","og_site_name":"Alta Gama","article_publisher":"https:\/\/www.facebook.com\/cialtagama","article_modified_time":"2025-01-13T06:23:34+00:00","og_image":[{"width":2100,"height":1080,"url":"https:\/\/cialtagama.com\/wp-content\/uploads\/2023\/06\/equi-bici-web.jpg","type":"image\/jpeg"}],"twitter_card":"summary_large_image","twitter_misc":{"Est. reading time":"4 minutes"},"schema":{"@context":"https:\/\/schema.org","@graph":[{"@type":"WebPage","@id":"https:\/\/cialtagama.com\/en\/the-company\/","url":"https:\/\/cialtagama.com\/en\/the-company\/","name":"The company - Alta Gama","isPartOf":{"@id":"https:\/\/cialtagama.com\/#website"},"datePublished":"2023-03-06T04:38:27+00:00","dateModified":"2025-01-13T06:23:34+00:00","description":"We are at the border. We are those who walk on the edge. We may be the edge. We are those who do not want to be pigeon-holed.","breadcrumb":{"@id":"https:\/\/cialtagama.com\/en\/the-company\/#breadcrumb"},"inLanguage":"en-US","potentialAction":[{"@type":"ReadAction","target":["https:\/\/cialtagama.com\/en\/the-company\/"]}]},{"@type":"BreadcrumbList","@id":"https:\/\/cialtagama.com\/en\/the-company\/#breadcrumb","itemListElement":[{"@type":"ListItem","position":1,"name":"Accueil","item":"https:\/\/cialtagama.com\/en\/"},{"@type":"ListItem","position":2,"name":"The company"}]},{"@type":"WebSite","@id":"https:\/\/cialtagama.com\/#website","url":"https:\/\/cialtagama.com\/","name":"Alta Gama","description":"Cie Alta Gama, cirque, th\u00e9\u00e2tre, v\u00e9lo acrobatique","publisher":{"@id":"https:\/\/cialtagama.com\/#organization"},"potentialAction":[{"@type":"SearchAction","target":{"@type":"EntryPoint","urlTemplate":"https:\/\/cialtagama.com\/?s={search_term_string}"},"query-input":{"@type":"PropertyValueSpecification","valueRequired":true,"valueName":"search_term_string"}}],"inLanguage":"en-US"},{"@type":"Organization","@id":"https:\/\/cialtagama.com\/#organization","name":"Alta Gama","url":"https:\/\/cialtagama.com\/","logo":{"@type":"ImageObject","inLanguage":"en-US","@id":"https:\/\/cialtagama.com\/#\/schema\/logo\/image\/","url":"https:\/\/cialtagama.com\/wp-content\/uploads\/2024\/01\/cropped-altagamafav.png","contentUrl":"https:\/\/cialtagama.com\/wp-content\/uploads\/2024\/01\/cropped-altagamafav.png","width":512,"height":512,"caption":"Alta Gama"},"image":{"@id":"https:\/\/cialtagama.com\/#\/schema\/logo\/image\/"},"sameAs":["https:\/\/www.facebook.com\/cialtagama","https:\/\/www.instagram.com\/cia.altagama"]}]}},"_links":{"self":[{"href":"https:\/\/cialtagama.com\/en\/wp-json\/wp\/v2\/pages\/2079","targetHints":{"allow":["GET"]}}],"collection":[{"href":"https:\/\/cialtagama.com\/en\/wp-json\/wp\/v2\/pages"}],"about":[{"href":"https:\/\/cialtagama.com\/en\/wp-json\/wp\/v2\/types\/page"}],"author":[{"embeddable":true,"href":"https:\/\/cialtagama.com\/en\/wp-json\/wp\/v2\/users\/1"}],"replies":[{"embeddable":true,"href":"https:\/\/cialtagama.com\/en\/wp-json\/wp\/v2\/comments?post=2079"}],"version-history":[{"count":4,"href":"https:\/\/cialtagama.com\/en\/wp-json\/wp\/v2\/pages\/2079\/revisions"}],"predecessor-version":[{"id":2552,"href":"https:\/\/cialtagama.com\/en\/wp-json\/wp\/v2\/pages\/2079\/revisions\/2552"}],"wp:attachment":[{"href":"https:\/\/cialtagama.com\/en\/wp-json\/wp\/v2\/media?parent=2079"}],"curies":[{"name":"wp","href":"https:\/\/api.w.org\/{rel}","templated":true}]}}