{"id":2106,"date":"2024-01-20T10:26:46","date_gmt":"2024-01-20T09:26:46","guid":{"rendered":"https:\/\/cialtagama.com\/politica-de-privadesa\/"},"modified":"2024-09-27T12:34:58","modified_gmt":"2024-09-27T10:34:58","slug":"politica-de-privadesa","status":"publish","type":"page","link":"https:\/\/cialtagama.com\/ca\/politica-de-privadesa\/","title":{"rendered":"Pol\u00edtica de privadesa"},"content":{"rendered":"<div class=\"wpb-content-wrapper\"><p>[vc_row][vc_column][vc_column_text css=&#8221;&#8221;]<strong>Utilisation des donn\u00e9es personnelles collect\u00e9es<\/strong><\/p>\n<p>Nous ne collectons aucune donn\u00e9e personnelle sur le site.<\/p>\n<p><strong>Cookies<\/strong><\/p>\n<p>Lorsque vous visitez le site, nous mettons en place un cookie pour enregistrer vos pr\u00e9f\u00e9rences d\u2019\u00e9cran. La dur\u00e9e de vie d\u2019un cookie d\u2019option d\u2019\u00e9cran est d\u2019un an.<\/p>\n<p><strong>Statistiques et mesures d\u2019audience<\/strong><\/p>\n<p>Nous n\u2019utilisons aucun outil de mesure d\u2019audience.<\/p>\n<p><strong>Utilisation et transmission de vos donn\u00e9es personnelles<\/strong><\/p>\n<p>Nous ne partageons aucune donn\u00e9e personnelle avec des tiers.<\/p>\n<p><strong>Les droits que vous avez sur vos donn\u00e9es<\/strong><\/p>\n<p>Vous pouvez demander \u00e0 recevoir un fichier contenant toutes les donn\u00e9es personnelles que nous poss\u00e9dons \u00e0 votre sujet, incluant celles que vous nous avez fournies. Vous pouvez \u00e9galement demander la suppression des donn\u00e9es personnelles vous concernant. Cela ne prend pas en compte les donn\u00e9es stock\u00e9es \u00e0 des fins administratives, l\u00e9gales ou pour des raisons de s\u00e9curit\u00e9.<\/p>\n<p><strong>Comment nous prot\u00e9geons vos donn\u00e9es<\/strong><\/p>\n<p>Vos donn\u00e9es sont prot\u00e9g\u00e9es par chiffrement et nos \u00e9quipes sont form\u00e9es \u00e0 la protection des donn\u00e9es.<\/p>\n<p><strong>Proc\u00e9dures mises en \u0153uvre en cas de fuite de donn\u00e9es<\/strong><\/p>\n<p>En cas de fuite de donn\u00e9es, un syst\u00e8me interne de notification a \u00e9t\u00e9 mis en place.[\/vc_column_text][\/vc_column][\/vc_row]<\/p>\n<\/div>","protected":false},"excerpt":{"rendered":"<p>[vc_row][vc_column][vc_column_text css=&#8221;&#8221;]Utilisation des donn\u00e9es personnelles collect\u00e9es Nous ne collectons aucune donn\u00e9e personnelle sur le site. Cookies Lorsque vous visitez le site, nous mettons en place un cookie pour enregistrer vos pr\u00e9f\u00e9rences d\u2019\u00e9cran. La dur\u00e9e de vie d\u2019un cookie d\u2019option d\u2019\u00e9cran est d\u2019un an. Statistiques et mesures d\u2019audience Nous n\u2019utilisons aucun outil de mesure d\u2019audience. Utilisation [&hellip;]<\/p>\n","protected":false},"author":1,"featured_media":0,"parent":0,"menu_order":0,"comment_status":"closed","ping_status":"closed","template":"","meta":{"footnotes":""},"class_list":["post-2106","page","type-page","status-publish","hentry","grve-entry-item"],"yoast_head":"<!-- This site is optimized with the Yoast SEO plugin v26.6 - https:\/\/yoast.com\/wordpress\/plugins\/seo\/ -->\n<title>Pol\u00edtica de privadesa - Alta Gama<\/title>\n<meta name=\"robots\" content=\"index, follow, max-snippet:-1, max-image-preview:large, max-video-preview:-1\" \/>\n<link rel=\"canonical\" href=\"https:\/\/cialtagama.com\/ca\/politica-de-privadesa\/\" \/>\n<meta property=\"og:locale\" content=\"ca_ES\" \/>\n<meta property=\"og:type\" content=\"article\" \/>\n<meta property=\"og:title\" content=\"Pol\u00edtica de privadesa - Alta Gama\" \/>\n<meta property=\"og:description\" content=\"[vc_row][vc_column][vc_column_text css=&#8221;&#8221;]Utilisation des donn\u00e9es personnelles collect\u00e9es Nous ne collectons aucune donn\u00e9e personnelle sur le site. Cookies Lorsque vous visitez le site, nous mettons en place un cookie pour enregistrer vos pr\u00e9f\u00e9rences d\u2019\u00e9cran. La dur\u00e9e de vie d\u2019un cookie d\u2019option d\u2019\u00e9cran est d\u2019un an. Statistiques et mesures d\u2019audience Nous n\u2019utilisons aucun outil de mesure d\u2019audience. Utilisation [&hellip;]\" \/>\n<meta property=\"og:url\" content=\"https:\/\/cialtagama.com\/ca\/politica-de-privadesa\/\" \/>\n<meta property=\"og:site_name\" content=\"Alta Gama\" \/>\n<meta property=\"article:publisher\" content=\"https:\/\/www.facebook.com\/cialtagama\" \/>\n<meta property=\"article:modified_time\" content=\"2024-09-27T10:34:58+00:00\" \/>\n<meta property=\"og:image\" content=\"https:\/\/cialtagama.com\/wp-content\/uploads\/2023\/06\/equi-bici-web.jpg\" \/>\n\t<meta property=\"og:image:width\" content=\"2100\" \/>\n\t<meta property=\"og:image:height\" content=\"1080\" \/>\n\t<meta property=\"og:image:type\" content=\"image\/jpeg\" \/>\n<meta name=\"twitter:card\" content=\"summary_large_image\" \/>\n<meta name=\"twitter:label1\" content=\"Temps estimat de lectura\" \/>\n\t<meta name=\"twitter:data1\" content=\"1 minut\" \/>\n<script type=\"application\/ld+json\" class=\"yoast-schema-graph\">{\"@context\":\"https:\/\/schema.org\",\"@graph\":[{\"@type\":\"WebPage\",\"@id\":\"https:\/\/cialtagama.com\/ca\/politica-de-privadesa\/\",\"url\":\"https:\/\/cialtagama.com\/ca\/politica-de-privadesa\/\",\"name\":\"Pol\u00edtica de privadesa - Alta Gama\",\"isPartOf\":{\"@id\":\"https:\/\/cialtagama.com\/#website\"},\"datePublished\":\"2024-01-20T09:26:46+00:00\",\"dateModified\":\"2024-09-27T10:34:58+00:00\",\"breadcrumb\":{\"@id\":\"https:\/\/cialtagama.com\/ca\/politica-de-privadesa\/#breadcrumb\"},\"inLanguage\":\"ca\",\"potentialAction\":[{\"@type\":\"ReadAction\",\"target\":[\"https:\/\/cialtagama.com\/ca\/politica-de-privadesa\/\"]}]},{\"@type\":\"BreadcrumbList\",\"@id\":\"https:\/\/cialtagama.com\/ca\/politica-de-privadesa\/#breadcrumb\",\"itemListElement\":[{\"@type\":\"ListItem\",\"position\":1,\"name\":\"Accueil\",\"item\":\"https:\/\/cialtagama.com\/ca\/inici\/\"},{\"@type\":\"ListItem\",\"position\":2,\"name\":\"Pol\u00edtica de privadesa\"}]},{\"@type\":\"WebSite\",\"@id\":\"https:\/\/cialtagama.com\/#website\",\"url\":\"https:\/\/cialtagama.com\/\",\"name\":\"Alta Gama\",\"description\":\"Cie Alta Gama, cirque, th\u00e9\u00e2tre, v\u00e9lo acrobatique\",\"publisher\":{\"@id\":\"https:\/\/cialtagama.com\/#organization\"},\"potentialAction\":[{\"@type\":\"SearchAction\",\"target\":{\"@type\":\"EntryPoint\",\"urlTemplate\":\"https:\/\/cialtagama.com\/?s={search_term_string}\"},\"query-input\":{\"@type\":\"PropertyValueSpecification\",\"valueRequired\":true,\"valueName\":\"search_term_string\"}}],\"inLanguage\":\"ca\"},{\"@type\":\"Organization\",\"@id\":\"https:\/\/cialtagama.com\/#organization\",\"name\":\"Alta Gama\",\"url\":\"https:\/\/cialtagama.com\/\",\"logo\":{\"@type\":\"ImageObject\",\"inLanguage\":\"ca\",\"@id\":\"https:\/\/cialtagama.com\/#\/schema\/logo\/image\/\",\"url\":\"https:\/\/cialtagama.com\/wp-content\/uploads\/2024\/01\/cropped-altagamafav.png\",\"contentUrl\":\"https:\/\/cialtagama.com\/wp-content\/uploads\/2024\/01\/cropped-altagamafav.png\",\"width\":512,\"height\":512,\"caption\":\"Alta Gama\"},\"image\":{\"@id\":\"https:\/\/cialtagama.com\/#\/schema\/logo\/image\/\"},\"sameAs\":[\"https:\/\/www.facebook.com\/cialtagama\",\"https:\/\/www.instagram.com\/cia.altagama\"]}]}<\/script>\n<!-- \/ Yoast SEO plugin. -->","yoast_head_json":{"title":"Pol\u00edtica de privadesa - Alta Gama","robots":{"index":"index","follow":"follow","max-snippet":"max-snippet:-1","max-image-preview":"max-image-preview:large","max-video-preview":"max-video-preview:-1"},"canonical":"https:\/\/cialtagama.com\/ca\/politica-de-privadesa\/","og_locale":"ca_ES","og_type":"article","og_title":"Pol\u00edtica de privadesa - Alta Gama","og_description":"[vc_row][vc_column][vc_column_text css=&#8221;&#8221;]Utilisation des donn\u00e9es personnelles collect\u00e9es Nous ne collectons aucune donn\u00e9e personnelle sur le site. Cookies Lorsque vous visitez le site, nous mettons en place un cookie pour enregistrer vos pr\u00e9f\u00e9rences d\u2019\u00e9cran. La dur\u00e9e de vie d\u2019un cookie d\u2019option d\u2019\u00e9cran est d\u2019un an. Statistiques et mesures d\u2019audience Nous n\u2019utilisons aucun outil de mesure d\u2019audience. Utilisation [&hellip;]","og_url":"https:\/\/cialtagama.com\/ca\/politica-de-privadesa\/","og_site_name":"Alta Gama","article_publisher":"https:\/\/www.facebook.com\/cialtagama","article_modified_time":"2024-09-27T10:34:58+00:00","og_image":[{"width":2100,"height":1080,"url":"https:\/\/cialtagama.com\/wp-content\/uploads\/2023\/06\/equi-bici-web.jpg","type":"image\/jpeg"}],"twitter_card":"summary_large_image","twitter_misc":{"Temps estimat de lectura":"1 minut"},"schema":{"@context":"https:\/\/schema.org","@graph":[{"@type":"WebPage","@id":"https:\/\/cialtagama.com\/ca\/politica-de-privadesa\/","url":"https:\/\/cialtagama.com\/ca\/politica-de-privadesa\/","name":"Pol\u00edtica de privadesa - Alta Gama","isPartOf":{"@id":"https:\/\/cialtagama.com\/#website"},"datePublished":"2024-01-20T09:26:46+00:00","dateModified":"2024-09-27T10:34:58+00:00","breadcrumb":{"@id":"https:\/\/cialtagama.com\/ca\/politica-de-privadesa\/#breadcrumb"},"inLanguage":"ca","potentialAction":[{"@type":"ReadAction","target":["https:\/\/cialtagama.com\/ca\/politica-de-privadesa\/"]}]},{"@type":"BreadcrumbList","@id":"https:\/\/cialtagama.com\/ca\/politica-de-privadesa\/#breadcrumb","itemListElement":[{"@type":"ListItem","position":1,"name":"Accueil","item":"https:\/\/cialtagama.com\/ca\/inici\/"},{"@type":"ListItem","position":2,"name":"Pol\u00edtica de privadesa"}]},{"@type":"WebSite","@id":"https:\/\/cialtagama.com\/#website","url":"https:\/\/cialtagama.com\/","name":"Alta Gama","description":"Cie Alta Gama, cirque, th\u00e9\u00e2tre, v\u00e9lo acrobatique","publisher":{"@id":"https:\/\/cialtagama.com\/#organization"},"potentialAction":[{"@type":"SearchAction","target":{"@type":"EntryPoint","urlTemplate":"https:\/\/cialtagama.com\/?s={search_term_string}"},"query-input":{"@type":"PropertyValueSpecification","valueRequired":true,"valueName":"search_term_string"}}],"inLanguage":"ca"},{"@type":"Organization","@id":"https:\/\/cialtagama.com\/#organization","name":"Alta Gama","url":"https:\/\/cialtagama.com\/","logo":{"@type":"ImageObject","inLanguage":"ca","@id":"https:\/\/cialtagama.com\/#\/schema\/logo\/image\/","url":"https:\/\/cialtagama.com\/wp-content\/uploads\/2024\/01\/cropped-altagamafav.png","contentUrl":"https:\/\/cialtagama.com\/wp-content\/uploads\/2024\/01\/cropped-altagamafav.png","width":512,"height":512,"caption":"Alta Gama"},"image":{"@id":"https:\/\/cialtagama.com\/#\/schema\/logo\/image\/"},"sameAs":["https:\/\/www.facebook.com\/cialtagama","https:\/\/www.instagram.com\/cia.altagama"]}]}},"_links":{"self":[{"href":"https:\/\/cialtagama.com\/ca\/wp-json\/wp\/v2\/pages\/2106","targetHints":{"allow":["GET"]}}],"collection":[{"href":"https:\/\/cialtagama.com\/ca\/wp-json\/wp\/v2\/pages"}],"about":[{"href":"https:\/\/cialtagama.com\/ca\/wp-json\/wp\/v2\/types\/page"}],"author":[{"embeddable":true,"href":"https:\/\/cialtagama.com\/ca\/wp-json\/wp\/v2\/users\/1"}],"replies":[{"embeddable":true,"href":"https:\/\/cialtagama.com\/ca\/wp-json\/wp\/v2\/comments?post=2106"}],"version-history":[{"count":4,"href":"https:\/\/cialtagama.com\/ca\/wp-json\/wp\/v2\/pages\/2106\/revisions"}],"predecessor-version":[{"id":2259,"href":"https:\/\/cialtagama.com\/ca\/wp-json\/wp\/v2\/pages\/2106\/revisions\/2259"}],"wp:attachment":[{"href":"https:\/\/cialtagama.com\/ca\/wp-json\/wp\/v2\/media?parent=2106"}],"curies":[{"name":"wp","href":"https:\/\/api.w.org\/{rel}","templated":true}]}}