{"id":2085,"date":"2024-01-20T10:09:44","date_gmt":"2024-01-20T09:09:44","guid":{"rendered":"https:\/\/cialtagama.com\/contacte\/"},"modified":"2024-12-28T12:29:10","modified_gmt":"2024-12-28T11:29:10","slug":"contacte","status":"publish","type":"page","link":"https:\/\/cialtagama.com\/ca\/contacte\/","title":{"rendered":"Contacte"},"content":{"rendered":"<div class=\"wpb-content-wrapper\"><p>[vc_row padding_top_multiplier=&#8221;2x&#8221; padding_bottom_multiplier=&#8221;2x&#8221;][vc_column width=&#8221;1\/2&#8243; text_align=&#8221;center&#8221; grve_css=&#8221;{&#8220;desktop&#8220;:{&#8220;border-top&#8220;:1,&#8220;border-right&#8220;:1,&#8220;border-bottom&#8220;:1,&#8220;border-left&#8220;:1,&#8220;padding-top&#8220;:&#8220;30&#8220;,&#8220;padding-right&#8220;:&#8220;30&#8220;,&#8220;padding-bottom&#8220;:&#8220;30&#8220;,&#8220;padding-left&#8220;:&#8220;30&#8220;,&#8220;border-color&#8220;:&#8220;#e5e5e5&#8220;,&#8220;border-style&#8220;:&#8220;solid&#8220;,&#8220;class&#8220;:&#8220;grve-wpb-1705743203220&#8220;}}&#8221;]<h3 class=\"grve-element grve-title grve-align-inherit grve-h5\"><span>Producci\u00f3 \/ Difusi\u00f3<\/span><\/h3>[vc_column_text css=&#8221;&#8221;]Ang\u00e9la Kontis<br \/>\n<span style=\"text-decoration: underline;\"><a href=\"mailto:production@cialtagama.com\">production@cialtagama.com<\/a><\/span><br \/>\n06 01 76 97 56[\/vc_column_text][\/vc_column][vc_column width=&#8221;1\/2&#8243; text_align=&#8221;center&#8221; grve_css=&#8221;{&#8220;desktop&#8220;:{&#8220;border-top&#8220;:1,&#8220;border-right&#8220;:1,&#8220;border-bottom&#8220;:1,&#8220;border-left&#8220;:1,&#8220;padding-top&#8220;:&#8220;30&#8220;,&#8220;padding-right&#8220;:&#8220;30&#8220;,&#8220;padding-bottom&#8220;:&#8220;30&#8220;,&#8220;padding-left&#8220;:&#8220;30&#8220;,&#8220;border-color&#8220;:&#8220;#e5e5e5&#8220;,&#8220;border-style&#8220;:&#8220;solid&#8220;,&#8220;class&#8220;:&#8220;grve-wpb-1705743209239&#8220;}}&#8221;]<h3 class=\"grve-element grve-title grve-align-inherit grve-h5\"><span>Art\u00edstic<\/span><\/h3>[vc_column_text]Amanda Delgado<br \/>\n<a href=\"mailto:cialtagama@gmail.com\"><span style=\"text-decoration: underline;\">cialtagama@gmail.com<\/span><\/a><br \/>\n06 41 55 39 61[\/vc_column_text][\/vc_column][\/vc_row][vc_row padding_bottom_multiplier=&#8221;2x&#8221;][vc_column]\t<div id=\"social-links-1705741916421-ee94a0cb-af5c\" class=\"grve-element grve-social grve-align-center grve-icon-type grve-space-15 grve-icon-medium\">\r\n\t\t<ul>\r\n\t\t\t\t\t\t\t\t<li>\r\n\t\t\t\t\t\t\t<a href=\"https:\/\/www.facebook.com\/cialtagama\" class=\"grve-circle grve-with-shape grve-simple grve-bg-black\" target=\"_blank\" rel=\"noopener noreferrer\">\r\n\t\t\t\t\t\t\t\t<span class=\"grve-icon grve-text-white fab fa-facebook-f\"><\/span>\r\n\t\t\t\t\t\t\t\t<span class=\"screen-reader-text\">Facebook<\/span>\r\n\t\t\t\t\t\t\t<\/a>\r\n\t\t\t\t\t\t<\/li>\r\n\t\t\t\t\t\t\t\t<li>\r\n\t\t\t\t\t\t\t<a href=\"https:\/\/www.instagram.com\/cia.altagama\" class=\"grve-circle grve-with-shape grve-simple grve-bg-black\" target=\"_blank\" rel=\"noopener noreferrer\">\r\n\t\t\t\t\t\t\t\t<span class=\"grve-icon grve-text-white fab fa-instagram\"><\/span>\r\n\t\t\t\t\t\t\t\t<span class=\"screen-reader-text\">Instagram<\/span>\r\n\t\t\t\t\t\t\t<\/a>\r\n\t\t\t\t\t\t<\/li>\r\n\t\t\t\t<\/ul>\r\n\t<\/div>\r\n[\/vc_column][\/vc_row]<\/p>\n<\/div>","protected":false},"excerpt":{"rendered":"<p>[vc_row padding_top_multiplier=&#8221;2x&#8221; padding_bottom_multiplier=&#8221;2x&#8221;][vc_column width=&#8221;1\/2&#8243; text_align=&#8221;center&#8221; grve_css=&#8221;{&#8220;desktop&#8220;:{&#8220;border-top&#8220;:1,&#8220;border-right&#8220;:1,&#8220;border-bottom&#8220;:1,&#8220;border-left&#8220;:1,&#8220;padding-top&#8220;:&#8220;30&#8220;,&#8220;padding-right&#8220;:&#8220;30&#8220;,&#8220;padding-bottom&#8220;:&#8220;30&#8220;,&#8220;padding-left&#8220;:&#8220;30&#8220;,&#8220;border-color&#8220;:&#8220;#e5e5e5&#8220;,&#8220;border-style&#8220;:&#8220;solid&#8220;,&#8220;class&#8220;:&#8220;grve-wpb-1705743203220&#8220;}}&#8221;][vc_column_text css=&#8221;&#8221;]Ang\u00e9la Kontis production@cialtagama.com 06 01 76 97 56[\/vc_column_text][\/vc_column][vc_column width=&#8221;1\/2&#8243; text_align=&#8221;center&#8221; grve_css=&#8221;{&#8220;desktop&#8220;:{&#8220;border-top&#8220;:1,&#8220;border-right&#8220;:1,&#8220;border-bottom&#8220;:1,&#8220;border-left&#8220;:1,&#8220;padding-top&#8220;:&#8220;30&#8220;,&#8220;padding-right&#8220;:&#8220;30&#8220;,&#8220;padding-bottom&#8220;:&#8220;30&#8220;,&#8220;padding-left&#8220;:&#8220;30&#8220;,&#8220;border-color&#8220;:&#8220;#e5e5e5&#8220;,&#8220;border-style&#8220;:&#8220;solid&#8220;,&#8220;class&#8220;:&#8220;grve-wpb-1705743209239&#8220;}}&#8221;][vc_column_text]Amanda Delgado cialtagama@gmail.com 06 41 55 39 61[\/vc_column_text][\/vc_column][\/vc_row][vc_row padding_bottom_multiplier=&#8221;2x&#8221;][vc_column][\/vc_column][\/vc_row]<\/p>\n","protected":false},"author":1,"featured_media":1776,"parent":0,"menu_order":0,"comment_status":"closed","ping_status":"closed","template":"","meta":{"footnotes":""},"class_list":["post-2085","page","type-page","status-publish","has-post-thumbnail","hentry","grve-entry-item"],"yoast_head":"<!-- This site is optimized with the Yoast SEO plugin v26.6 - https:\/\/yoast.com\/wordpress\/plugins\/seo\/ -->\n<title>Contacte - Alta Gama<\/title>\n<meta name=\"description\" content=\"Contactes de la companyia Alta Gama. Producci\u00f3, difusi\u00f3, art\u00edstic.\" \/>\n<meta name=\"robots\" content=\"index, follow, max-snippet:-1, max-image-preview:large, max-video-preview:-1\" \/>\n<link rel=\"canonical\" href=\"https:\/\/cialtagama.com\/ca\/contacte\/\" \/>\n<meta property=\"og:locale\" content=\"ca_ES\" \/>\n<meta property=\"og:type\" content=\"article\" \/>\n<meta property=\"og:title\" content=\"Contacte - Alta Gama\" \/>\n<meta property=\"og:description\" content=\"Contactes de la companyia Alta Gama. Producci\u00f3, difusi\u00f3, art\u00edstic.\" \/>\n<meta property=\"og:url\" content=\"https:\/\/cialtagama.com\/ca\/contacte\/\" \/>\n<meta property=\"og:site_name\" content=\"Alta Gama\" \/>\n<meta property=\"article:publisher\" content=\"https:\/\/www.facebook.com\/cialtagama\" \/>\n<meta property=\"article:modified_time\" content=\"2024-12-28T11:29:10+00:00\" \/>\n<meta property=\"og:image\" content=\"https:\/\/cialtagama.com\/wp-content\/uploads\/2024\/01\/banniere-contact-2.jpeg\" \/>\n\t<meta property=\"og:image:width\" content=\"2000\" \/>\n\t<meta property=\"og:image:height\" content=\"1334\" \/>\n\t<meta property=\"og:image:type\" content=\"image\/jpeg\" \/>\n<meta name=\"twitter:card\" content=\"summary_large_image\" \/>\n<meta name=\"twitter:label1\" content=\"Temps estimat de lectura\" \/>\n\t<meta name=\"twitter:data1\" content=\"1 minut\" \/>\n<script type=\"application\/ld+json\" class=\"yoast-schema-graph\">{\"@context\":\"https:\/\/schema.org\",\"@graph\":[{\"@type\":\"WebPage\",\"@id\":\"https:\/\/cialtagama.com\/ca\/contacte\/\",\"url\":\"https:\/\/cialtagama.com\/ca\/contacte\/\",\"name\":\"Contacte - Alta Gama\",\"isPartOf\":{\"@id\":\"https:\/\/cialtagama.com\/#website\"},\"primaryImageOfPage\":{\"@id\":\"https:\/\/cialtagama.com\/ca\/contacte\/#primaryimage\"},\"image\":{\"@id\":\"https:\/\/cialtagama.com\/ca\/contacte\/#primaryimage\"},\"thumbnailUrl\":\"https:\/\/cialtagama.com\/wp-content\/uploads\/2024\/01\/banniere-contact-2.jpeg\",\"datePublished\":\"2024-01-20T09:09:44+00:00\",\"dateModified\":\"2024-12-28T11:29:10+00:00\",\"description\":\"Contactes de la companyia Alta Gama. Producci\u00f3, difusi\u00f3, art\u00edstic.\",\"breadcrumb\":{\"@id\":\"https:\/\/cialtagama.com\/ca\/contacte\/#breadcrumb\"},\"inLanguage\":\"ca\",\"potentialAction\":[{\"@type\":\"ReadAction\",\"target\":[\"https:\/\/cialtagama.com\/ca\/contacte\/\"]}]},{\"@type\":\"ImageObject\",\"inLanguage\":\"ca\",\"@id\":\"https:\/\/cialtagama.com\/ca\/contacte\/#primaryimage\",\"url\":\"https:\/\/cialtagama.com\/wp-content\/uploads\/2024\/01\/banniere-contact-2.jpeg\",\"contentUrl\":\"https:\/\/cialtagama.com\/wp-content\/uploads\/2024\/01\/banniere-contact-2.jpeg\",\"width\":2000,\"height\":1334},{\"@type\":\"BreadcrumbList\",\"@id\":\"https:\/\/cialtagama.com\/ca\/contacte\/#breadcrumb\",\"itemListElement\":[{\"@type\":\"ListItem\",\"position\":1,\"name\":\"Accueil\",\"item\":\"https:\/\/cialtagama.com\/ca\/inici\/\"},{\"@type\":\"ListItem\",\"position\":2,\"name\":\"Contacte\"}]},{\"@type\":\"WebSite\",\"@id\":\"https:\/\/cialtagama.com\/#website\",\"url\":\"https:\/\/cialtagama.com\/\",\"name\":\"Alta Gama\",\"description\":\"Cie Alta Gama, cirque, th\u00e9\u00e2tre, v\u00e9lo acrobatique\",\"publisher\":{\"@id\":\"https:\/\/cialtagama.com\/#organization\"},\"potentialAction\":[{\"@type\":\"SearchAction\",\"target\":{\"@type\":\"EntryPoint\",\"urlTemplate\":\"https:\/\/cialtagama.com\/?s={search_term_string}\"},\"query-input\":{\"@type\":\"PropertyValueSpecification\",\"valueRequired\":true,\"valueName\":\"search_term_string\"}}],\"inLanguage\":\"ca\"},{\"@type\":\"Organization\",\"@id\":\"https:\/\/cialtagama.com\/#organization\",\"name\":\"Alta Gama\",\"url\":\"https:\/\/cialtagama.com\/\",\"logo\":{\"@type\":\"ImageObject\",\"inLanguage\":\"ca\",\"@id\":\"https:\/\/cialtagama.com\/#\/schema\/logo\/image\/\",\"url\":\"https:\/\/cialtagama.com\/wp-content\/uploads\/2024\/01\/cropped-altagamafav.png\",\"contentUrl\":\"https:\/\/cialtagama.com\/wp-content\/uploads\/2024\/01\/cropped-altagamafav.png\",\"width\":512,\"height\":512,\"caption\":\"Alta Gama\"},\"image\":{\"@id\":\"https:\/\/cialtagama.com\/#\/schema\/logo\/image\/\"},\"sameAs\":[\"https:\/\/www.facebook.com\/cialtagama\",\"https:\/\/www.instagram.com\/cia.altagama\"]}]}<\/script>\n<!-- \/ Yoast SEO plugin. -->","yoast_head_json":{"title":"Contacte - Alta Gama","description":"Contactes de la companyia Alta Gama. Producci\u00f3, difusi\u00f3, art\u00edstic.","robots":{"index":"index","follow":"follow","max-snippet":"max-snippet:-1","max-image-preview":"max-image-preview:large","max-video-preview":"max-video-preview:-1"},"canonical":"https:\/\/cialtagama.com\/ca\/contacte\/","og_locale":"ca_ES","og_type":"article","og_title":"Contacte - Alta Gama","og_description":"Contactes de la companyia Alta Gama. Producci\u00f3, difusi\u00f3, art\u00edstic.","og_url":"https:\/\/cialtagama.com\/ca\/contacte\/","og_site_name":"Alta Gama","article_publisher":"https:\/\/www.facebook.com\/cialtagama","article_modified_time":"2024-12-28T11:29:10+00:00","og_image":[{"width":2000,"height":1334,"url":"https:\/\/cialtagama.com\/wp-content\/uploads\/2024\/01\/banniere-contact-2.jpeg","type":"image\/jpeg"}],"twitter_card":"summary_large_image","twitter_misc":{"Temps estimat de lectura":"1 minut"},"schema":{"@context":"https:\/\/schema.org","@graph":[{"@type":"WebPage","@id":"https:\/\/cialtagama.com\/ca\/contacte\/","url":"https:\/\/cialtagama.com\/ca\/contacte\/","name":"Contacte - Alta Gama","isPartOf":{"@id":"https:\/\/cialtagama.com\/#website"},"primaryImageOfPage":{"@id":"https:\/\/cialtagama.com\/ca\/contacte\/#primaryimage"},"image":{"@id":"https:\/\/cialtagama.com\/ca\/contacte\/#primaryimage"},"thumbnailUrl":"https:\/\/cialtagama.com\/wp-content\/uploads\/2024\/01\/banniere-contact-2.jpeg","datePublished":"2024-01-20T09:09:44+00:00","dateModified":"2024-12-28T11:29:10+00:00","description":"Contactes de la companyia Alta Gama. Producci\u00f3, difusi\u00f3, art\u00edstic.","breadcrumb":{"@id":"https:\/\/cialtagama.com\/ca\/contacte\/#breadcrumb"},"inLanguage":"ca","potentialAction":[{"@type":"ReadAction","target":["https:\/\/cialtagama.com\/ca\/contacte\/"]}]},{"@type":"ImageObject","inLanguage":"ca","@id":"https:\/\/cialtagama.com\/ca\/contacte\/#primaryimage","url":"https:\/\/cialtagama.com\/wp-content\/uploads\/2024\/01\/banniere-contact-2.jpeg","contentUrl":"https:\/\/cialtagama.com\/wp-content\/uploads\/2024\/01\/banniere-contact-2.jpeg","width":2000,"height":1334},{"@type":"BreadcrumbList","@id":"https:\/\/cialtagama.com\/ca\/contacte\/#breadcrumb","itemListElement":[{"@type":"ListItem","position":1,"name":"Accueil","item":"https:\/\/cialtagama.com\/ca\/inici\/"},{"@type":"ListItem","position":2,"name":"Contacte"}]},{"@type":"WebSite","@id":"https:\/\/cialtagama.com\/#website","url":"https:\/\/cialtagama.com\/","name":"Alta Gama","description":"Cie Alta Gama, cirque, th\u00e9\u00e2tre, v\u00e9lo acrobatique","publisher":{"@id":"https:\/\/cialtagama.com\/#organization"},"potentialAction":[{"@type":"SearchAction","target":{"@type":"EntryPoint","urlTemplate":"https:\/\/cialtagama.com\/?s={search_term_string}"},"query-input":{"@type":"PropertyValueSpecification","valueRequired":true,"valueName":"search_term_string"}}],"inLanguage":"ca"},{"@type":"Organization","@id":"https:\/\/cialtagama.com\/#organization","name":"Alta Gama","url":"https:\/\/cialtagama.com\/","logo":{"@type":"ImageObject","inLanguage":"ca","@id":"https:\/\/cialtagama.com\/#\/schema\/logo\/image\/","url":"https:\/\/cialtagama.com\/wp-content\/uploads\/2024\/01\/cropped-altagamafav.png","contentUrl":"https:\/\/cialtagama.com\/wp-content\/uploads\/2024\/01\/cropped-altagamafav.png","width":512,"height":512,"caption":"Alta Gama"},"image":{"@id":"https:\/\/cialtagama.com\/#\/schema\/logo\/image\/"},"sameAs":["https:\/\/www.facebook.com\/cialtagama","https:\/\/www.instagram.com\/cia.altagama"]}]}},"_links":{"self":[{"href":"https:\/\/cialtagama.com\/ca\/wp-json\/wp\/v2\/pages\/2085","targetHints":{"allow":["GET"]}}],"collection":[{"href":"https:\/\/cialtagama.com\/ca\/wp-json\/wp\/v2\/pages"}],"about":[{"href":"https:\/\/cialtagama.com\/ca\/wp-json\/wp\/v2\/types\/page"}],"author":[{"embeddable":true,"href":"https:\/\/cialtagama.com\/ca\/wp-json\/wp\/v2\/users\/1"}],"replies":[{"embeddable":true,"href":"https:\/\/cialtagama.com\/ca\/wp-json\/wp\/v2\/comments?post=2085"}],"version-history":[{"count":7,"href":"https:\/\/cialtagama.com\/ca\/wp-json\/wp\/v2\/pages\/2085\/revisions"}],"predecessor-version":[{"id":2426,"href":"https:\/\/cialtagama.com\/ca\/wp-json\/wp\/v2\/pages\/2085\/revisions\/2426"}],"wp:featuredmedia":[{"embeddable":true,"href":"https:\/\/cialtagama.com\/ca\/wp-json\/wp\/v2\/media\/1776"}],"wp:attachment":[{"href":"https:\/\/cialtagama.com\/ca\/wp-json\/wp\/v2\/media?parent=2085"}],"curies":[{"name":"wp","href":"https:\/\/api.w.org\/{rel}","templated":true}]}}